{"id":91,"date":"2025-10-15T07:11:39","date_gmt":"2025-10-15T07:11:39","guid":{"rendered":"https:\/\/regadioslamancha.com\/?page_id=91"},"modified":"2025-10-15T07:14:07","modified_gmt":"2025-10-15T07:14:07","slug":"declaracion-de-accesibilidad","status":"publish","type":"page","link":"https:\/\/regadioslamancha.com\/index.php\/declaracion-de-accesibilidad\/","title":{"rendered":"Declaraci\u00f3n De Accesibilidad"},"content":{"rendered":"\n<h2 class=\"wp-block-gutenverse-heading guten-element guten-idMYYi\">Accesibilidad<\/h2>\n\n\n\n<p>Declaraci\u00f3n de accesibilidad realizada por&nbsp;<a href=\"http:\/\/kaam.es\/\">Kaam Innovaci\u00f3n y tecnolog\u00eda S.L<\/a>.<\/p>\n\n\n\n<p>Fecha de la declaraci\u00f3n: 1 de febrero de 2024.<\/p>\n\n\n\n<p>Kaam Innovaci\u00f3n y tecnolog\u00eda S.L. se compromete a garantizar la accesibilidad digital para las personas con discapacidades. Mejoramos continuamente la experiencia del usuario para todos y aplicamos los est\u00e1ndares de accesibilidad relevantes.<\/p>\n\n\n\n<h2 class=\"wp-block-heading\"><strong>Medidas para promover la accesibilidad<\/strong><\/h2>\n\n\n\n<p>Kaam Innovaci\u00f3n y tecnolog\u00eda S.L. toma las siguientes medidas para garantizar la accesibilidad de\u00a0<a href=\"http:\/\/regadioslamancha.com\" data-type=\"link\" data-id=\"regadioslamancha.com\">regadioslamancha.com<\/a>:<\/p>\n\n\n\n<ol class=\"wp-block-list\">\n<li>Incluye la acesibilidad en nuestras pol\u00edticas internas.<\/li>\n\n\n\n<li>Proporciona formaci\u00f3n continua sobre accesibilidad a nuestro personal.<\/li>\n\n\n\n<li>Asegura la acesibilidad mediante una metodolog\u00eda de dise\u00f1o inclusivo.<\/li>\n\n\n\n<li>Incorpora evaluaciones y pruebas de accesibilidad en el proceso de desarrollo del software.<\/li>\n<\/ol>\n\n\n\n<h2 class=\"wp-block-heading\"><strong>Conformidad con los est\u00e1ndares de accesibilidad<\/strong><\/h2>\n\n\n\n<p><a href=\"https:\/\/aluminiosbarajascuenca.es\/\"><a href=\"http:\/\/regadioslamancha.com\" data-type=\"link\" data-id=\"regadioslamancha.com\">regadioslamancha.com<\/a><\/a>\u00a0est\u00e1 parcialmente conforme con la Directiva (UE) 2016\/2102 del Parlamento Europeo y del Consejo de 26 de octubre de 2016 sobre la accesibilidad de los sitios web y aplicaciones para dispositivos m\u00f3viles de los organismos del sector p\u00fablico, debido a:<\/p>\n\n\n\n<ul class=\"wp-block-list\">\n<li><strong><a href=\"https:\/\/www.hacienda.gob.es\/es-ES\/Paginas\/Accesibilidad-no-conforme.aspx\">Falta de conformidad con el Real Decreto 1112\/2018, de 7 de septiembre<\/a><\/strong>: podr\u00edan existir fallos puntuales de edici\u00f3n en alguna p\u00e1gina web, tanto en contenidos HTML como en documentos finales, publicados en fecha posterior al 20 de septiembre de 2018 (fecha de entrada en vigor del Real Decreto 1112\/2018, de 7 de septiembre). Concretamente puede haber errores en aquellos documentos que contienen gr\u00e1ficos, tablas complejas o en aquellos firmados electr\u00f3nicamente antes de su revisi\u00f3n de accesibilidad.<\/li>\n\n\n\n<li><strong>Carga desproporcionada<\/strong>: no aplica.<\/li>\n\n\n\n<li>El\u00a0<a href=\"https:\/\/asecue.com\/\">contenido<\/a>\u00a0<strong>no entra dentro del \u00e1mbito de la legislaci\u00f3n<\/strong>\u00a0aplicable: Existen archivos ofim\u00e1ticos en PDF u otros formatos publicados antes del 20 de septiembre de 2018 que no cumplen en su totalidad todos los requisitos de accesibilidad; tambi\u00e9n pueden estar en esa situaci\u00f3n contenidos de terceros no financiados, ni desarrollados, ni bajo el control de Kaam Inovacion y tecnolog\u00eda S.L.<\/li>\n\n\n\n<li><strong>Contenido no accesible<\/strong>: El contenido que no cumple con el est\u00e1ndar de acesibilidad incluye:<\/li>\n<\/ul>\n\n\n\n<h3 class=\"wp-block-heading\"><strong>Mejoras y planes de&nbsp;<\/strong>tiempo<\/h3>\n\n\n\n<p>Estamos trabajando actualmente en la mejora de\u00a0<a href=\"https:\/\/aluminiosbarajascuenca.es\/\"><a href=\"http:\/\/regadioslamancha.com\" data-type=\"link\" data-id=\"regadioslamancha.com\">regadioslamancha.com<\/a><\/a>. y en su Declaraci\u00f3n de Acesibilidad. Nuestro objetivo es resolver las inaccesibilidades detectadas.<\/p>\n\n\n\n<h2 class=\"wp-block-heading\"><strong>Retroalimentaci\u00f3n<\/strong><\/h2>\n\n\n\n<p>Valoramos su opini\u00f3n y nos gustar\u00eda conocer sus comentarios sobre la acesibilidad de\u00a0<a href=\"https:\/\/aluminiosbarajascuenca.es\/\"><a href=\"http:\/\/regadioslamancha.com\" data-type=\"link\" data-id=\"regadioslamancha.com\">regadioslamancha.com<\/a><\/a>. Por favor, av\u00edsenos si encuentra problemas de acesibilidad:<\/p>\n\n\n\n<ul class=\"wp-block-list\">\n<li>Tel\u00e9fono: 96 781 9077<\/li>\n\n\n\n<li>E-mail:\u00a0info@kaam.es<\/li>\n\n\n\n<li>Direcci\u00f3n postal: Marqu\u00e9s de Molins 13, 1\u00ba Planta Albacete, CLM 02001<\/li>\n<\/ul>\n\n\n\n<h2 class=\"wp-block-heading\"><strong>Procedimientos de aplicaci\u00f3n<\/strong><\/h2>\n\n\n\n<p>Si no est\u00e1 satisfecho con nuestra respuesta, o si considera que nuestro sitio web o aplicaci\u00f3n no cumplen con la Directiva (UE) 2016\/2102, puede contactar con el Defensor del Pueblo en c\/ Zurbano, 42 (28010 Madrid), o enviar un correo electr\u00f3nico a&nbsp;<a href=\"mailto:registro@defensordelpueblo.es\" target=\"_blank\" rel=\"noreferrer noopener\">registro@defensordelpueblo.es<\/a>, o llamar al 900 101 025.<\/p>\n\n\n\n<h2 class=\"wp-block-heading\"><strong>Fecha de la \u00faltima revisi\u00f3n de la declaraci\u00f3n<\/strong><\/h2>\n\n\n\n<p>Esta declaraci\u00f3n fue revisada por \u00faltima vez el 10 de enero de 2025<\/p>\n","protected":false},"excerpt":{"rendered":"<p>Declaraci\u00f3n de accesibilidad realizada por&nbsp;Kaam Innovaci\u00f3n y tecnolog\u00eda S.L. Fecha de la declaraci\u00f3n: 1 de febrero de 2024. Kaam Innovaci\u00f3n y tecnolog\u00eda S.L. se compromete a garantizar la accesibilidad digital para las personas con discapacidades. Mejoramos continuamente la experiencia del usuario para todos y aplicamos los est\u00e1ndares de accesibilidad relevantes. Medidas para promover la accesibilidad Kaam Innovaci\u00f3n y tecnolog\u00eda S.L. toma las siguientes medidas para garantizar la accesibilidad de\u00a0regadioslamancha.com: Conformidad con los est\u00e1ndares de accesibilidad regadioslamancha.com\u00a0est\u00e1 parcialmente conforme con la Directiva (UE) 2016\/2102 del Parlamento Europeo y del Consejo de 26 de octubre de 2016 sobre la accesibilidad de los<\/p>\n","protected":false},"author":1,"featured_media":0,"parent":0,"menu_order":0,"comment_status":"closed","ping_status":"closed","template":"","meta":{"footnotes":""},"class_list":["post-91","page","type-page","status-publish","hentry"],"yoast_head":"<!-- This site is optimized with the Yoast SEO plugin v26.1.1 - https:\/\/yoast.com\/wordpress\/plugins\/seo\/ -->\n<title>Declaraci\u00f3n De Accesibilidad - Regadios La Mancha<\/title>\n<meta name=\"robots\" content=\"index, follow, max-snippet:-1, max-image-preview:large, max-video-preview:-1\" \/>\n<link rel=\"canonical\" href=\"https:\/\/regadioslamancha.com\/index.php\/declaracion-de-accesibilidad\/\" \/>\n<meta property=\"og:locale\" content=\"es_ES\" \/>\n<meta property=\"og:type\" content=\"article\" \/>\n<meta property=\"og:title\" content=\"Declaraci\u00f3n De Accesibilidad - Regadios La Mancha\" \/>\n<meta property=\"og:description\" content=\"Declaraci\u00f3n de accesibilidad realizada por&nbsp;Kaam Innovaci\u00f3n y tecnolog\u00eda S.L. Fecha de la declaraci\u00f3n: 1 de febrero de 2024. Kaam Innovaci\u00f3n y tecnolog\u00eda S.L. se compromete a garantizar la accesibilidad digital para las personas con discapacidades. Mejoramos continuamente la experiencia del usuario para todos y aplicamos los est\u00e1ndares de accesibilidad relevantes. Medidas para promover la accesibilidad Kaam Innovaci\u00f3n y tecnolog\u00eda S.L. toma las siguientes medidas para garantizar la accesibilidad de\u00a0regadioslamancha.com: Conformidad con los est\u00e1ndares de accesibilidad regadioslamancha.com\u00a0est\u00e1 parcialmente conforme con la Directiva (UE) 2016\/2102 del Parlamento Europeo y del Consejo de 26 de octubre de 2016 sobre la accesibilidad de los\" \/>\n<meta property=\"og:url\" content=\"https:\/\/regadioslamancha.com\/index.php\/declaracion-de-accesibilidad\/\" \/>\n<meta property=\"og:site_name\" content=\"Regadios La Mancha\" \/>\n<meta property=\"article:modified_time\" content=\"2025-10-15T07:14:07+00:00\" \/>\n<meta property=\"og:image\" content=\"https:\/\/regadioslamancha.com\/wp-content\/uploads\/2025\/10\/ChatGPT_Image_10_oct_2025__08_23_45-removebg-preview-e1760077749695.png\" \/>\n\t<meta property=\"og:image:width\" content=\"500\" \/>\n\t<meta property=\"og:image:height\" content=\"179\" \/>\n\t<meta property=\"og:image:type\" content=\"image\/png\" \/>\n<meta name=\"twitter:card\" content=\"summary_large_image\" \/>\n<meta name=\"twitter:label1\" content=\"Tiempo de lectura\" \/>\n\t<meta name=\"twitter:data1\" content=\"2 minutos\" \/>\n<script type=\"application\/ld+json\" class=\"yoast-schema-graph\">{\"@context\":\"https:\/\/schema.org\",\"@graph\":[{\"@type\":\"WebPage\",\"@id\":\"https:\/\/regadioslamancha.com\/index.php\/declaracion-de-accesibilidad\/\",\"url\":\"https:\/\/regadioslamancha.com\/index.php\/declaracion-de-accesibilidad\/\",\"name\":\"Declaraci\u00f3n De Accesibilidad - Regadios La Mancha\",\"isPartOf\":{\"@id\":\"https:\/\/regadioslamancha.com\/#website\"},\"datePublished\":\"2025-10-15T07:11:39+00:00\",\"dateModified\":\"2025-10-15T07:14:07+00:00\",\"breadcrumb\":{\"@id\":\"https:\/\/regadioslamancha.com\/index.php\/declaracion-de-accesibilidad\/#breadcrumb\"},\"inLanguage\":\"es\",\"potentialAction\":[{\"@type\":\"ReadAction\",\"target\":[\"https:\/\/regadioslamancha.com\/index.php\/declaracion-de-accesibilidad\/\"]}]},{\"@type\":\"BreadcrumbList\",\"@id\":\"https:\/\/regadioslamancha.com\/index.php\/declaracion-de-accesibilidad\/#breadcrumb\",\"itemListElement\":[{\"@type\":\"ListItem\",\"position\":1,\"name\":\"Portada\",\"item\":\"https:\/\/regadioslamancha.com\/\"},{\"@type\":\"ListItem\",\"position\":2,\"name\":\"Declaraci\u00f3n De Accesibilidad\"}]},{\"@type\":\"WebSite\",\"@id\":\"https:\/\/regadioslamancha.com\/#website\",\"url\":\"https:\/\/regadioslamancha.com\/\",\"name\":\"Regadios La Mancha\",\"description\":\"\",\"publisher\":{\"@id\":\"https:\/\/regadioslamancha.com\/#organization\"},\"potentialAction\":[{\"@type\":\"SearchAction\",\"target\":{\"@type\":\"EntryPoint\",\"urlTemplate\":\"https:\/\/regadioslamancha.com\/?s={search_term_string}\"},\"query-input\":{\"@type\":\"PropertyValueSpecification\",\"valueRequired\":true,\"valueName\":\"search_term_string\"}}],\"inLanguage\":\"es\"},{\"@type\":\"Organization\",\"@id\":\"https:\/\/regadioslamancha.com\/#organization\",\"name\":\"Regadios La Mancha\",\"url\":\"https:\/\/regadioslamancha.com\/\",\"logo\":{\"@type\":\"ImageObject\",\"inLanguage\":\"es\",\"@id\":\"https:\/\/regadioslamancha.com\/#\/schema\/logo\/image\/\",\"url\":\"https:\/\/regadioslamancha.com\/wp-content\/uploads\/2025\/10\/ChatGPT_Image_10_oct_2025__08_23_45-removebg-preview-e1760077749695.png\",\"contentUrl\":\"https:\/\/regadioslamancha.com\/wp-content\/uploads\/2025\/10\/ChatGPT_Image_10_oct_2025__08_23_45-removebg-preview-e1760077749695.png\",\"width\":500,\"height\":179,\"caption\":\"Regadios La Mancha\"},\"image\":{\"@id\":\"https:\/\/regadioslamancha.com\/#\/schema\/logo\/image\/\"}}]}<\/script>\n<!-- \/ Yoast SEO plugin. -->","yoast_head_json":{"title":"Declaraci\u00f3n De Accesibilidad - Regadios La Mancha","robots":{"index":"index","follow":"follow","max-snippet":"max-snippet:-1","max-image-preview":"max-image-preview:large","max-video-preview":"max-video-preview:-1"},"canonical":"https:\/\/regadioslamancha.com\/index.php\/declaracion-de-accesibilidad\/","og_locale":"es_ES","og_type":"article","og_title":"Declaraci\u00f3n De Accesibilidad - Regadios La Mancha","og_description":"Declaraci\u00f3n de accesibilidad realizada por&nbsp;Kaam Innovaci\u00f3n y tecnolog\u00eda S.L. Fecha de la declaraci\u00f3n: 1 de febrero de 2024. Kaam Innovaci\u00f3n y tecnolog\u00eda S.L. se compromete a garantizar la accesibilidad digital para las personas con discapacidades. Mejoramos continuamente la experiencia del usuario para todos y aplicamos los est\u00e1ndares de accesibilidad relevantes. Medidas para promover la accesibilidad Kaam Innovaci\u00f3n y tecnolog\u00eda S.L. toma las siguientes medidas para garantizar la accesibilidad de\u00a0regadioslamancha.com: Conformidad con los est\u00e1ndares de accesibilidad regadioslamancha.com\u00a0est\u00e1 parcialmente conforme con la Directiva (UE) 2016\/2102 del Parlamento Europeo y del Consejo de 26 de octubre de 2016 sobre la accesibilidad de los","og_url":"https:\/\/regadioslamancha.com\/index.php\/declaracion-de-accesibilidad\/","og_site_name":"Regadios La Mancha","article_modified_time":"2025-10-15T07:14:07+00:00","og_image":[{"width":500,"height":179,"url":"https:\/\/regadioslamancha.com\/wp-content\/uploads\/2025\/10\/ChatGPT_Image_10_oct_2025__08_23_45-removebg-preview-e1760077749695.png","type":"image\/png"}],"twitter_card":"summary_large_image","twitter_misc":{"Tiempo de lectura":"2 minutos"},"schema":{"@context":"https:\/\/schema.org","@graph":[{"@type":"WebPage","@id":"https:\/\/regadioslamancha.com\/index.php\/declaracion-de-accesibilidad\/","url":"https:\/\/regadioslamancha.com\/index.php\/declaracion-de-accesibilidad\/","name":"Declaraci\u00f3n De Accesibilidad - Regadios La Mancha","isPartOf":{"@id":"https:\/\/regadioslamancha.com\/#website"},"datePublished":"2025-10-15T07:11:39+00:00","dateModified":"2025-10-15T07:14:07+00:00","breadcrumb":{"@id":"https:\/\/regadioslamancha.com\/index.php\/declaracion-de-accesibilidad\/#breadcrumb"},"inLanguage":"es","potentialAction":[{"@type":"ReadAction","target":["https:\/\/regadioslamancha.com\/index.php\/declaracion-de-accesibilidad\/"]}]},{"@type":"BreadcrumbList","@id":"https:\/\/regadioslamancha.com\/index.php\/declaracion-de-accesibilidad\/#breadcrumb","itemListElement":[{"@type":"ListItem","position":1,"name":"Portada","item":"https:\/\/regadioslamancha.com\/"},{"@type":"ListItem","position":2,"name":"Declaraci\u00f3n De Accesibilidad"}]},{"@type":"WebSite","@id":"https:\/\/regadioslamancha.com\/#website","url":"https:\/\/regadioslamancha.com\/","name":"Regadios La Mancha","description":"","publisher":{"@id":"https:\/\/regadioslamancha.com\/#organization"},"potentialAction":[{"@type":"SearchAction","target":{"@type":"EntryPoint","urlTemplate":"https:\/\/regadioslamancha.com\/?s={search_term_string}"},"query-input":{"@type":"PropertyValueSpecification","valueRequired":true,"valueName":"search_term_string"}}],"inLanguage":"es"},{"@type":"Organization","@id":"https:\/\/regadioslamancha.com\/#organization","name":"Regadios La Mancha","url":"https:\/\/regadioslamancha.com\/","logo":{"@type":"ImageObject","inLanguage":"es","@id":"https:\/\/regadioslamancha.com\/#\/schema\/logo\/image\/","url":"https:\/\/regadioslamancha.com\/wp-content\/uploads\/2025\/10\/ChatGPT_Image_10_oct_2025__08_23_45-removebg-preview-e1760077749695.png","contentUrl":"https:\/\/regadioslamancha.com\/wp-content\/uploads\/2025\/10\/ChatGPT_Image_10_oct_2025__08_23_45-removebg-preview-e1760077749695.png","width":500,"height":179,"caption":"Regadios La Mancha"},"image":{"@id":"https:\/\/regadioslamancha.com\/#\/schema\/logo\/image\/"}}]}},"_links":{"self":[{"href":"https:\/\/regadioslamancha.com\/index.php\/wp-json\/wp\/v2\/pages\/91","targetHints":{"allow":["GET"]}}],"collection":[{"href":"https:\/\/regadioslamancha.com\/index.php\/wp-json\/wp\/v2\/pages"}],"about":[{"href":"https:\/\/regadioslamancha.com\/index.php\/wp-json\/wp\/v2\/types\/page"}],"author":[{"embeddable":true,"href":"https:\/\/regadioslamancha.com\/index.php\/wp-json\/wp\/v2\/users\/1"}],"replies":[{"embeddable":true,"href":"https:\/\/regadioslamancha.com\/index.php\/wp-json\/wp\/v2\/comments?post=91"}],"version-history":[{"count":3,"href":"https:\/\/regadioslamancha.com\/index.php\/wp-json\/wp\/v2\/pages\/91\/revisions"}],"predecessor-version":[{"id":128,"href":"https:\/\/regadioslamancha.com\/index.php\/wp-json\/wp\/v2\/pages\/91\/revisions\/128"}],"wp:attachment":[{"href":"https:\/\/regadioslamancha.com\/index.php\/wp-json\/wp\/v2\/media?parent=91"}],"curies":[{"name":"wp","href":"https:\/\/api.w.org\/{rel}","templated":true}]}}