{"id":71,"date":"2025-10-14T11:20:38","date_gmt":"2025-10-14T11:20:38","guid":{"rendered":"https:\/\/regadioslamancha.com\/?page_id=71"},"modified":"2025-10-17T10:35:14","modified_gmt":"2025-10-17T10:35:14","slug":"servicios","status":"publish","type":"page","link":"https:\/\/regadioslamancha.com\/index.php\/servicios\/","title":{"rendered":"Servicios"},"content":{"rendered":"\n<div class=\"section-wrapper\" data-id=\"rPqs2y\"><section class=\"wp-block-gutenverse-section guten-element guten-section guten-rPqs2y layout-boxed align-stretch\"><div class=\"guten-container guten-column-gap-no\">\n<div class=\"wp-block-gutenverse-column guten-element guten-column guten-OrmICS\"><div class=\"guten-column-wrapper\" data-id=\"OrmICS\">\n<div class=\"section-wrapper\" data-id=\"IHwAUE\"><section class=\"wp-block-gutenverse-section guten-element guten-section guten-IHwAUE layout-boxed align-stretch\"><div class=\"guten-container guten-column-gap-default\">\n<div class=\"wp-block-gutenverse-column guten-element guten-column guten-1s3fH2\"><div class=\"guten-column-wrapper\" data-id=\"1s3fH2\">\n<h2 class=\"wp-block-gutenverse-heading guten-element guten-URWVmW animated guten-element-hide desktop-slideInLeft\">Nuestros servicios<\/h2>\n\n\n\n<h3 class=\"wp-block-gutenverse-heading guten-element guten-5lO5iO animated guten-element-hide desktop-fadeInLeft\"><strong>M\u00e1s de 40 a\u00f1os de experiencia en modernizaci\u00f3n y gesti\u00f3n eficiente del riego<\/strong><\/h3>\n\n\n\n<div class=\"guten-element gutenverse-text-editor guten-5yfvb8 animated guten-element-hide desktop-fadeInLeft\"><div class=\"text-content-inner\">\n<p class=\"has-text-align-center\">En <strong>SAT Regad\u00edos La Mancha<\/strong> ofrecemos soluciones t\u00e9cnicas y de gesti\u00f3n orientadas a mejorar la eficiencia del riego agr\u00edcola.<br>Nuestro trabajo se centra en acompa\u00f1ar a los agricultores en la modernizaci\u00f3n de sus instalaciones, optimizando el uso del agua y fomentando una agricultura m\u00e1s sostenible y rentable.<\/p>\n<\/div><\/div>\n\n\n\n<div class=\"guten-element guten-spacer guten-ZBlJjH\"><\/div>\n<\/div><\/div>\n<\/div><\/section><\/div>\n\n\n\n<div class=\"section-wrapper\" data-id=\"8mTZDG\"><section class=\"wp-block-gutenverse-section guten-element guten-section guten-8mTZDG layout-boxed align-stretch\"><div class=\"guten-container guten-column-gap-no\">\n<div class=\"wp-block-gutenverse-column guten-element guten-column guten-rZ2gZv animated guten-element-hide desktop-fadeInUp\"><div class=\"guten-column-wrapper\" data-id=\"rZ2gZv\">\n<div class=\"guten-element guten-Ew9AGI guten-icon-box icon-position-undefined\"><div class=\"guten-icon-box-wrapper hover-from-left\"><div class=\"icon-box icon-box-header\"><div class=\"icon bg-style-color\"><i class=\"gtn gtn-Consultancy-light icon-style-color\"><\/i><\/div><\/div><div class=\"icon-box icon-box-body\"><h4 class=\"title\">Gesti\u00f3n de riegos<\/h4><p class=\"icon-box-description\">Supervisamos y coordinamos la distribuci\u00f3n del agua entre los socios, asegurando una correcta planificaci\u00f3n y uso racional del recurso h\u00eddrico.<\/p><\/div><div class=\"hover-watermark\"><i class=\"gtn gtn-Consultancy-light\"><\/i><\/div><\/div><\/div>\n<\/div><\/div>\n\n\n\n<div class=\"wp-block-gutenverse-column guten-element guten-column guten-A6ELzg animated guten-element-hide desktop-fadeInUp\"><div class=\"guten-column-wrapper\" data-id=\"A6ELzg\">\n<div class=\"guten-element guten-rJGBmS guten-icon-box icon-position-undefined\"><div class=\"guten-icon-box-wrapper hover-from-left\"><div class=\"icon-box icon-box-header\"><div class=\"icon bg-style-color\"><i class=\"gtn gtn-brickwall-light icon-style-color\"><\/i><\/div><\/div><div class=\"icon-box icon-box-body\"><h4 class=\"title\">Modernizaci\u00f3n de infraestructuras<\/h4><p class=\"icon-box-description\">Impulsamos proyectos de modernizaci\u00f3n de instalaciones, sustituyendo sistemas tradicionales por tecnolog\u00edas avanzadas que permiten un mayor control y ahorro de agua.<\/p><\/div><div class=\"hover-watermark\"><i class=\"gtn gtn-brickwall-light\"><\/i><\/div><\/div><\/div>\n<\/div><\/div>\n\n\n\n<div class=\"wp-block-gutenverse-column guten-element guten-column guten-BrgUex animated guten-element-hide desktop-fadeInUp\"><div class=\"guten-column-wrapper\" data-id=\"BrgUex\">\n<div class=\"guten-element guten-OvTDnS guten-icon-box icon-position-undefined\"><div class=\"guten-icon-box-wrapper hover-from-left\"><div class=\"icon-box icon-box-header\"><div class=\"icon bg-style-color\"><i class=\"gtn gtn-handshake icon-style-color\"><\/i><\/div><\/div><div class=\"icon-box icon-box-body\"><h4 class=\"title\">Asesoramiento t\u00e9cnico<\/h4><p class=\"icon-box-description\">Ofrecemos asistencia t\u00e9cnica continua a nuestros socios, ayud\u00e1ndoles a mantener sus sistemas en condiciones \u00f3ptimas.<\/p><\/div><div class=\"hover-watermark\"><i class=\"gtn gtn-handshake\"><\/i><\/div><\/div><\/div>\n<\/div><\/div>\n<\/div><\/section><\/div>\n\n\n\n<div class=\"section-wrapper\" data-id=\"tkyXUS\"><section class=\"wp-block-gutenverse-section guten-element guten-section guten-tkyXUS layout-boxed align-stretch\"><div class=\"guten-container guten-column-gap-no\">\n<div class=\"wp-block-gutenverse-column guten-element guten-column guten-ljedpr animated guten-element-hide desktop-fadeInUp\"><div class=\"guten-column-wrapper\" data-id=\"ljedpr\">\n<div class=\"wp-block-gutenverse-image guten-element guten-image guten-hRUxm0\"><div class=\"guten-image-wrapper\"><img loading=\"lazy\" decoding=\"async\" class=\"gutenverse-image-box-filled\" src=\"https:\/\/regadioslamancha.com\/wp-content\/uploads\/2025\/10\/20200701_111653-scaled-e1760442366514.jpg\" height=\"1446\" width=\"1280\" alt=\"ESTRUCTURA EN PARCELA\"\/><\/div><\/div>\n<\/div><\/div>\n\n\n\n<div class=\"wp-block-gutenverse-column guten-element guten-column guten-k3oAKp animated guten-element-hide desktop-fadeInUp\"><div class=\"guten-column-wrapper\" data-id=\"k3oAKp\"><div class=\"guten-background-overlay\"><\/div>\n<div class=\"guten-element guten-FVb6y0 guten-icon-box icon-position-undefined\"><div class=\"guten-icon-box-wrapper hover-from-left\"><div class=\"icon-box icon-box-header\"><div class=\"icon bg-style-color\"><i class=\"gtn gtn-brain-light icon-style-color\"><\/i><\/div><\/div><div class=\"icon-box icon-box-body\"><h4 class=\"title\">Formaci\u00f3n y apoyo al agricultor<\/h4><p class=\"icon-box-description\">Promovemos la formaci\u00f3n de nuestros socios mediante jornadas informativas, charlas t\u00e9cnicas y asesoramiento individualizado.<\/p><\/div><div class=\"hover-watermark\"><i class=\"gtn gtn-brain-light\"><\/i><\/div><\/div><\/div>\n<\/div><\/div>\n\n\n\n<div class=\"wp-block-gutenverse-column guten-element guten-column guten-bVszu4 animated guten-element-hide desktop-fadeInUp\"><div class=\"guten-column-wrapper\" data-id=\"bVszu4\">\n<div class=\"wp-block-gutenverse-image guten-element guten-image guten-3gDz7f\"><div class=\"guten-image-wrapper\"><img loading=\"lazy\" decoding=\"async\" class=\"gutenverse-image-box-filled\" src=\"https:\/\/regadioslamancha.com\/wp-content\/uploads\/2025\/10\/foto-pantalla-pozo-no-8-e1760442205529.jpg\" height=\"876\" width=\"1224\" alt=\"PANTALLA DE POZO\"\/><\/div><\/div>\n<\/div><\/div>\n<\/div><\/section><\/div>\n<\/div><\/div>\n<\/div><\/section><\/div>\n","protected":false},"excerpt":{"rendered":"","protected":false},"author":1,"featured_media":0,"parent":0,"menu_order":0,"comment_status":"closed","ping_status":"closed","template":"","meta":{"footnotes":""},"class_list":["post-71","page","type-page","status-publish","hentry"],"yoast_head":"<!-- This site is optimized with the Yoast SEO plugin v26.1.1 - https:\/\/yoast.com\/wordpress\/plugins\/seo\/ -->\n<title>Servicios - Regadios La Mancha<\/title>\n<meta name=\"robots\" content=\"index, follow, max-snippet:-1, max-image-preview:large, max-video-preview:-1\" \/>\n<link rel=\"canonical\" href=\"https:\/\/regadioslamancha.com\/index.php\/servicios\/\" \/>\n<meta property=\"og:locale\" content=\"es_ES\" \/>\n<meta property=\"og:type\" content=\"article\" \/>\n<meta property=\"og:title\" content=\"Servicios - Regadios La Mancha\" \/>\n<meta property=\"og:url\" content=\"https:\/\/regadioslamancha.com\/index.php\/servicios\/\" \/>\n<meta property=\"og:site_name\" content=\"Regadios La Mancha\" \/>\n<meta property=\"article:modified_time\" content=\"2025-10-17T10:35:14+00:00\" \/>\n<meta property=\"og:image\" content=\"https:\/\/regadioslamancha.com\/wp-content\/uploads\/2025\/10\/20200701_111653-scaled-e1760442366514.jpg\" \/>\n<meta name=\"twitter:card\" content=\"summary_large_image\" \/>\n<meta name=\"twitter:label1\" content=\"Tiempo de lectura\" \/>\n\t<meta name=\"twitter:data1\" content=\"1 minuto\" \/>\n<script type=\"application\/ld+json\" class=\"yoast-schema-graph\">{\"@context\":\"https:\/\/schema.org\",\"@graph\":[{\"@type\":\"WebPage\",\"@id\":\"https:\/\/regadioslamancha.com\/index.php\/servicios\/\",\"url\":\"https:\/\/regadioslamancha.com\/index.php\/servicios\/\",\"name\":\"Servicios - Regadios La Mancha\",\"isPartOf\":{\"@id\":\"https:\/\/regadioslamancha.com\/#website\"},\"primaryImageOfPage\":{\"@id\":\"https:\/\/regadioslamancha.com\/index.php\/servicios\/#primaryimage\"},\"image\":{\"@id\":\"https:\/\/regadioslamancha.com\/index.php\/servicios\/#primaryimage\"},\"thumbnailUrl\":\"https:\/\/regadioslamancha.com\/wp-content\/uploads\/2025\/10\/20200701_111653-scaled-e1760442366514.jpg\",\"datePublished\":\"2025-10-14T11:20:38+00:00\",\"dateModified\":\"2025-10-17T10:35:14+00:00\",\"breadcrumb\":{\"@id\":\"https:\/\/regadioslamancha.com\/index.php\/servicios\/#breadcrumb\"},\"inLanguage\":\"es\",\"potentialAction\":[{\"@type\":\"ReadAction\",\"target\":[\"https:\/\/regadioslamancha.com\/index.php\/servicios\/\"]}]},{\"@type\":\"ImageObject\",\"inLanguage\":\"es\",\"@id\":\"https:\/\/regadioslamancha.com\/index.php\/servicios\/#primaryimage\",\"url\":\"https:\/\/regadioslamancha.com\/wp-content\/uploads\/2025\/10\/20200701_111653-scaled-e1760442366514.jpg\",\"contentUrl\":\"https:\/\/regadioslamancha.com\/wp-content\/uploads\/2025\/10\/20200701_111653-scaled-e1760442366514.jpg\",\"width\":1280,\"height\":1446},{\"@type\":\"BreadcrumbList\",\"@id\":\"https:\/\/regadioslamancha.com\/index.php\/servicios\/#breadcrumb\",\"itemListElement\":[{\"@type\":\"ListItem\",\"position\":1,\"name\":\"Portada\",\"item\":\"https:\/\/regadioslamancha.com\/\"},{\"@type\":\"ListItem\",\"position\":2,\"name\":\"Servicios\"}]},{\"@type\":\"WebSite\",\"@id\":\"https:\/\/regadioslamancha.com\/#website\",\"url\":\"https:\/\/regadioslamancha.com\/\",\"name\":\"Regadios La Mancha\",\"description\":\"\",\"publisher\":{\"@id\":\"https:\/\/regadioslamancha.com\/#organization\"},\"potentialAction\":[{\"@type\":\"SearchAction\",\"target\":{\"@type\":\"EntryPoint\",\"urlTemplate\":\"https:\/\/regadioslamancha.com\/?s={search_term_string}\"},\"query-input\":{\"@type\":\"PropertyValueSpecification\",\"valueRequired\":true,\"valueName\":\"search_term_string\"}}],\"inLanguage\":\"es\"},{\"@type\":\"Organization\",\"@id\":\"https:\/\/regadioslamancha.com\/#organization\",\"name\":\"Regadios La Mancha\",\"url\":\"https:\/\/regadioslamancha.com\/\",\"logo\":{\"@type\":\"ImageObject\",\"inLanguage\":\"es\",\"@id\":\"https:\/\/regadioslamancha.com\/#\/schema\/logo\/image\/\",\"url\":\"https:\/\/regadioslamancha.com\/wp-content\/uploads\/2025\/10\/ChatGPT_Image_10_oct_2025__08_23_45-removebg-preview-e1760077749695.png\",\"contentUrl\":\"https:\/\/regadioslamancha.com\/wp-content\/uploads\/2025\/10\/ChatGPT_Image_10_oct_2025__08_23_45-removebg-preview-e1760077749695.png\",\"width\":500,\"height\":179,\"caption\":\"Regadios La Mancha\"},\"image\":{\"@id\":\"https:\/\/regadioslamancha.com\/#\/schema\/logo\/image\/\"}}]}<\/script>\n<!-- \/ Yoast SEO plugin. -->","yoast_head_json":{"title":"Servicios - Regadios La Mancha","robots":{"index":"index","follow":"follow","max-snippet":"max-snippet:-1","max-image-preview":"max-image-preview:large","max-video-preview":"max-video-preview:-1"},"canonical":"https:\/\/regadioslamancha.com\/index.php\/servicios\/","og_locale":"es_ES","og_type":"article","og_title":"Servicios - Regadios La Mancha","og_url":"https:\/\/regadioslamancha.com\/index.php\/servicios\/","og_site_name":"Regadios La Mancha","article_modified_time":"2025-10-17T10:35:14+00:00","og_image":[{"url":"https:\/\/regadioslamancha.com\/wp-content\/uploads\/2025\/10\/20200701_111653-scaled-e1760442366514.jpg","type":"","width":"","height":""}],"twitter_card":"summary_large_image","twitter_misc":{"Tiempo de lectura":"1 minuto"},"schema":{"@context":"https:\/\/schema.org","@graph":[{"@type":"WebPage","@id":"https:\/\/regadioslamancha.com\/index.php\/servicios\/","url":"https:\/\/regadioslamancha.com\/index.php\/servicios\/","name":"Servicios - Regadios La Mancha","isPartOf":{"@id":"https:\/\/regadioslamancha.com\/#website"},"primaryImageOfPage":{"@id":"https:\/\/regadioslamancha.com\/index.php\/servicios\/#primaryimage"},"image":{"@id":"https:\/\/regadioslamancha.com\/index.php\/servicios\/#primaryimage"},"thumbnailUrl":"https:\/\/regadioslamancha.com\/wp-content\/uploads\/2025\/10\/20200701_111653-scaled-e1760442366514.jpg","datePublished":"2025-10-14T11:20:38+00:00","dateModified":"2025-10-17T10:35:14+00:00","breadcrumb":{"@id":"https:\/\/regadioslamancha.com\/index.php\/servicios\/#breadcrumb"},"inLanguage":"es","potentialAction":[{"@type":"ReadAction","target":["https:\/\/regadioslamancha.com\/index.php\/servicios\/"]}]},{"@type":"ImageObject","inLanguage":"es","@id":"https:\/\/regadioslamancha.com\/index.php\/servicios\/#primaryimage","url":"https:\/\/regadioslamancha.com\/wp-content\/uploads\/2025\/10\/20200701_111653-scaled-e1760442366514.jpg","contentUrl":"https:\/\/regadioslamancha.com\/wp-content\/uploads\/2025\/10\/20200701_111653-scaled-e1760442366514.jpg","width":1280,"height":1446},{"@type":"BreadcrumbList","@id":"https:\/\/regadioslamancha.com\/index.php\/servicios\/#breadcrumb","itemListElement":[{"@type":"ListItem","position":1,"name":"Portada","item":"https:\/\/regadioslamancha.com\/"},{"@type":"ListItem","position":2,"name":"Servicios"}]},{"@type":"WebSite","@id":"https:\/\/regadioslamancha.com\/#website","url":"https:\/\/regadioslamancha.com\/","name":"Regadios La Mancha","description":"","publisher":{"@id":"https:\/\/regadioslamancha.com\/#organization"},"potentialAction":[{"@type":"SearchAction","target":{"@type":"EntryPoint","urlTemplate":"https:\/\/regadioslamancha.com\/?s={search_term_string}"},"query-input":{"@type":"PropertyValueSpecification","valueRequired":true,"valueName":"search_term_string"}}],"inLanguage":"es"},{"@type":"Organization","@id":"https:\/\/regadioslamancha.com\/#organization","name":"Regadios La Mancha","url":"https:\/\/regadioslamancha.com\/","logo":{"@type":"ImageObject","inLanguage":"es","@id":"https:\/\/regadioslamancha.com\/#\/schema\/logo\/image\/","url":"https:\/\/regadioslamancha.com\/wp-content\/uploads\/2025\/10\/ChatGPT_Image_10_oct_2025__08_23_45-removebg-preview-e1760077749695.png","contentUrl":"https:\/\/regadioslamancha.com\/wp-content\/uploads\/2025\/10\/ChatGPT_Image_10_oct_2025__08_23_45-removebg-preview-e1760077749695.png","width":500,"height":179,"caption":"Regadios La Mancha"},"image":{"@id":"https:\/\/regadioslamancha.com\/#\/schema\/logo\/image\/"}}]}},"_links":{"self":[{"href":"https:\/\/regadioslamancha.com\/index.php\/wp-json\/wp\/v2\/pages\/71","targetHints":{"allow":["GET"]}}],"collection":[{"href":"https:\/\/regadioslamancha.com\/index.php\/wp-json\/wp\/v2\/pages"}],"about":[{"href":"https:\/\/regadioslamancha.com\/index.php\/wp-json\/wp\/v2\/types\/page"}],"author":[{"embeddable":true,"href":"https:\/\/regadioslamancha.com\/index.php\/wp-json\/wp\/v2\/users\/1"}],"replies":[{"embeddable":true,"href":"https:\/\/regadioslamancha.com\/index.php\/wp-json\/wp\/v2\/comments?post=71"}],"version-history":[{"count":9,"href":"https:\/\/regadioslamancha.com\/index.php\/wp-json\/wp\/v2\/pages\/71\/revisions"}],"predecessor-version":[{"id":120,"href":"https:\/\/regadioslamancha.com\/index.php\/wp-json\/wp\/v2\/pages\/71\/revisions\/120"}],"wp:attachment":[{"href":"https:\/\/regadioslamancha.com\/index.php\/wp-json\/wp\/v2\/media?parent=71"}],"curies":[{"name":"wp","href":"https:\/\/api.w.org\/{rel}","templated":true}]}}